{"id":1412,"date":"2025-05-26T21:40:29","date_gmt":"2025-05-26T19:40:29","guid":{"rendered":"https:\/\/origenes.es\/cookie-policy\/"},"modified":"2025-06-21T21:39:28","modified_gmt":"2025-06-21T19:39:28","slug":"cookie-policy","status":"publish","type":"page","link":"https:\/\/origenes.es\/en\/cookie-policy\/","title":{"rendered":"Cookie policy"},"content":{"rendered":"\t\t<div data-elementor-type=\"wp-page\" data-elementor-id=\"1412\" class=\"elementor elementor-1412 elementor-390\">\n\t\t\t\t<div class=\"elementor-element elementor-element-4cd0c21 e-flex e-con-boxed e-con e-parent\" data-id=\"4cd0c21\" data-element_type=\"container\">\n\t\t\t\t\t<div class=\"e-con-inner\">\n\t\t\t\t<div class=\"elementor-element elementor-element-28f3b82 elementor-widget elementor-widget-heading\" data-id=\"28f3b82\" data-element_type=\"widget\" data-widget_type=\"heading.default\">\n\t\t\t\t<div class=\"elementor-widget-container\">\n\t\t\t\t\t<h4 class=\"elementor-heading-title elementor-size-default\">COOKIE POLICY<\/h4>\t\t\t\t<\/div>\n\t\t\t\t<\/div>\n\t\t\t\t<div class=\"elementor-element elementor-element-6821281 elementor-widget elementor-widget-text-editor\" data-id=\"6821281\" data-element_type=\"widget\" data-widget_type=\"text-editor.default\">\n\t\t\t\t<div class=\"elementor-widget-container\">\n\t\t\t\t\t\t\t\t\t<p>This cookie policy is part of the terms of use of the website <a href=\"https:\/\/origenes.es\/en\/\">https:\/\/origenes.es<\/a>. Browsing this website implies acceptance of these general terms, including this cookie policy.<br \/>A cookie is a file that is downloaded to the user&#8217;s hard drive when accessing certain web pages. Cookies, among other things, enable storing and retrieving information about the browsing habits of the device used to navigate and, sometimes, recognize the user.<\/p><p>The website uses third-party cookies to understand the activity of users on its pages as well as to improve and personalize their experience.<\/p><p>The service Google Analytics, provided by Google, Inc., is used. Google Analytics uses cookies to help us analyze how this website is used. The information generated by the cookie about the use of the website (including the IP address) will be directly transmitted and stored by Google on servers in the United States. Google will use this information on our behalf for the purpose of tracking your use of the website, compiling reports on website activity, and providing other services related to website activity and internet usage. Google may transfer this information to third parties when required by law or when such third parties process the information on Google&#8217;s behalf. In such cases, Google will not associate your IP address with any other data held by Google.<\/p><p>By using this site, you consent to the processing of data about you by Google in the manner and for the purposes set out above.<\/p><p>Thus, analytics cookies may be used to recognize you on subsequent visits, obtain information about the date and time of your last visit, measure some traffic parameters within the site itself, and estimate the number of visits, so that we can better focus and adjust our services effectively.<\/p><p>If you wish to prevent the generation or downloading of cookies through your browser, you can do so via the following links:<\/p><ul><li><strong>Internet Explorer:<\/strong> Tools -&gt; Internet Options -&gt; Privacy -&gt; Settings. For more information, please consult Microsoft Support or your browser\u2019s Help.<\/li><li><strong>Firefox:<\/strong> Tools -&gt; Options -&gt; Privacy -&gt; History -&gt; Custom Settings. For more information, please consult Mozilla Support or your browser\u2019s Help.<\/li><li><strong>Chrome:<\/strong> Settings -&gt; Show advanced settings -&gt; Privacy -&gt; Content Settings. For more information, please consult Google Support or your browser\u2019s Help.<\/li><li><strong>Safari:<\/strong> Preferences -&gt; Security. For more information, please consult Apple Support or your browser\u2019s Help.<\/li><\/ul>\t\t\t\t\t\t\t\t<\/div>\n\t\t\t\t<\/div>\n\t\t\t\t\t<\/div>\n\t\t\t\t<\/div>\n\t\t\t\t<\/div>\n\t\t","protected":false},"excerpt":{"rendered":"<p>COOKIE POLICY This cookie policy is part of the terms of use of the website https:\/\/origenes.es. Browsing this website implies [&hellip;]<\/p>\n","protected":false},"author":1,"featured_media":0,"parent":0,"menu_order":0,"comment_status":"closed","ping_status":"closed","template":"","meta":{"site-sidebar-layout":"no-sidebar","site-content-layout":"","ast-site-content-layout":"full-width-container","site-content-style":"default","site-sidebar-style":"default","ast-global-header-display":"","ast-banner-title-visibility":"","ast-main-header-display":"","ast-hfb-above-header-display":"","ast-hfb-below-header-display":"","ast-hfb-mobile-header-display":"","site-post-title":"disabled","ast-breadcrumbs-content":"","ast-featured-img":"disabled","footer-sml-layout":"","theme-transparent-header-meta":"","adv-header-id-meta":"","stick-header-meta":"","header-above-stick-meta":"","header-main-stick-meta":"","header-below-stick-meta":"","astra-migrate-meta-layouts":"default","ast-page-background-enabled":"default","ast-page-background-meta":{"desktop":{"background-color":"var(--ast-global-color-5)","background-image":"","background-repeat":"repeat","background-position":"center center","background-size":"auto","background-attachment":"scroll","background-type":"","background-media":"","overlay-type":"","overlay-color":"","overlay-opacity":"","overlay-gradient":""},"tablet":{"background-color":"","background-image":"","background-repeat":"repeat","background-position":"center center","background-size":"auto","background-attachment":"scroll","background-type":"","background-media":"","overlay-type":"","overlay-color":"","overlay-opacity":"","overlay-gradient":""},"mobile":{"background-color":"","background-image":"","background-repeat":"repeat","background-position":"center center","background-size":"auto","background-attachment":"scroll","background-type":"","background-media":"","overlay-type":"","overlay-color":"","overlay-opacity":"","overlay-gradient":""}},"ast-content-background-meta":{"desktop":{"background-color":"var(--ast-global-color-4)","background-image":"","background-repeat":"repeat","background-position":"center center","background-size":"auto","background-attachment":"scroll","background-type":"","background-media":"","overlay-type":"","overlay-color":"","overlay-opacity":"","overlay-gradient":""},"tablet":{"background-color":"var(--ast-global-color-4)","background-image":"","background-repeat":"repeat","background-position":"center center","background-size":"auto","background-attachment":"scroll","background-type":"","background-media":"","overlay-type":"","overlay-color":"","overlay-opacity":"","overlay-gradient":""},"mobile":{"background-color":"var(--ast-global-color-4)","background-image":"","background-repeat":"repeat","background-position":"center center","background-size":"auto","background-attachment":"scroll","background-type":"","background-media":"","overlay-type":"","overlay-color":"","overlay-opacity":"","overlay-gradient":""}},"footnotes":""},"class_list":["post-1412","page","type-page","status-publish","hentry"],"yoast_head":"<!-- This site is optimized with the Yoast SEO plugin v26.4 - https:\/\/yoast.com\/wordpress\/plugins\/seo\/ -->\n<title>Cookies Policy | or\u00edGenes<\/title>\n<meta name=\"description\" content=\"Discover which cookies we use at or\u00edGenes, their purposes, and how you can easily manage them through your browser.\" \/>\n<meta name=\"robots\" content=\"noindex, follow\" \/>\n<meta property=\"og:locale\" content=\"en_US\" \/>\n<meta property=\"og:type\" content=\"article\" \/>\n<meta property=\"og:title\" content=\"Cookies Policy | or\u00edGenes\" \/>\n<meta property=\"og:description\" content=\"Discover which cookies we use at or\u00edGenes, their purposes, and how you can easily manage them through your browser.\" \/>\n<meta property=\"og:url\" content=\"https:\/\/origenes.es\/en\/cookie-policy\/\" \/>\n<meta property=\"og:site_name\" content=\"Experiencias gastron\u00f3micas exclusivas | or\u00edGenes\" \/>\n<meta property=\"article:publisher\" content=\"https:\/\/www.facebook.com\/origenesfestivalgastronomico\/\" \/>\n<meta property=\"article:modified_time\" content=\"2025-06-21T19:39:28+00:00\" \/>\n<meta property=\"og:image\" content=\"https:\/\/origenes.es\/wp-content\/uploads\/2025\/05\/cropped-origenes.png\" \/>\n\t<meta property=\"og:image:width\" content=\"842\" \/>\n\t<meta property=\"og:image:height\" content=\"293\" \/>\n\t<meta property=\"og:image:type\" content=\"image\/png\" \/>\n<meta name=\"twitter:card\" content=\"summary_large_image\" \/>\n<meta name=\"twitter:label1\" content=\"Est. reading time\" \/>\n\t<meta name=\"twitter:data1\" content=\"2 minutes\" \/>\n<script type=\"application\/ld+json\" class=\"yoast-schema-graph\">{\"@context\":\"https:\/\/schema.org\",\"@graph\":[{\"@type\":\"WebPage\",\"@id\":\"https:\/\/origenes.es\/en\/cookie-policy\/\",\"url\":\"https:\/\/origenes.es\/en\/cookie-policy\/\",\"name\":\"Cookies Policy | or\u00edGenes\",\"isPartOf\":{\"@id\":\"https:\/\/origenes.es\/en\/#website\"},\"datePublished\":\"2025-05-26T19:40:29+00:00\",\"dateModified\":\"2025-06-21T19:39:28+00:00\",\"description\":\"Discover which cookies we use at or\u00edGenes, their purposes, and how you can easily manage them through your browser.\",\"breadcrumb\":{\"@id\":\"https:\/\/origenes.es\/en\/cookie-policy\/#breadcrumb\"},\"inLanguage\":\"en-US\",\"potentialAction\":[{\"@type\":\"ReadAction\",\"target\":[\"https:\/\/origenes.es\/en\/cookie-policy\/\"]}]},{\"@type\":\"BreadcrumbList\",\"@id\":\"https:\/\/origenes.es\/en\/cookie-policy\/#breadcrumb\",\"itemListElement\":[{\"@type\":\"ListItem\",\"position\":1,\"name\":\"Portada\",\"item\":\"https:\/\/origenes.es\/en\/\"},{\"@type\":\"ListItem\",\"position\":2,\"name\":\"Cookie policy\"}]},{\"@type\":\"WebSite\",\"@id\":\"https:\/\/origenes.es\/en\/#website\",\"url\":\"https:\/\/origenes.es\/en\/\",\"name\":\"Experiencias gastron\u00f3micas exclusivas | or\u00edGenes\",\"description\":\"Creamos experiencias gastron\u00f3micas que conectan e inspiran, uniendo sostenibilidad, innovaci\u00f3n y talento para dejar huella en personas y en el planeta.\",\"publisher\":{\"@id\":\"https:\/\/origenes.es\/en\/#organization\"},\"potentialAction\":[{\"@type\":\"SearchAction\",\"target\":{\"@type\":\"EntryPoint\",\"urlTemplate\":\"https:\/\/origenes.es\/en\/?s={search_term_string}\"},\"query-input\":{\"@type\":\"PropertyValueSpecification\",\"valueRequired\":true,\"valueName\":\"search_term_string\"}}],\"inLanguage\":\"en-US\"},{\"@type\":\"Organization\",\"@id\":\"https:\/\/origenes.es\/en\/#organization\",\"name\":\"or\u00edGenes\",\"url\":\"https:\/\/origenes.es\/en\/\",\"logo\":{\"@type\":\"ImageObject\",\"inLanguage\":\"en-US\",\"@id\":\"https:\/\/origenes.es\/en\/#\/schema\/logo\/image\/\",\"url\":\"https:\/\/origenes.es\/wp-content\/uploads\/2025\/05\/cropped-origenes.png\",\"contentUrl\":\"https:\/\/origenes.es\/wp-content\/uploads\/2025\/05\/cropped-origenes.png\",\"width\":842,\"height\":293,\"caption\":\"or\u00edGenes\"},\"image\":{\"@id\":\"https:\/\/origenes.es\/en\/#\/schema\/logo\/image\/\"},\"sameAs\":[\"https:\/\/www.facebook.com\/origenesfestivalgastronomico\/\",\"https:\/\/www.linkedin.com\/company\/origenes-events\/posts\/?feedView=all\",\"https:\/\/www.instagram.com\/origenes.club\/\",\"https:\/\/www.youtube.com\/channel\/UClI59A5E3WJzibFATm5zu3Q\",\"https:\/\/open.spotify.com\/show\/0spPOPv0O4EpB61volE4Qm?si=95ff2229393043e6&nd=1&dlsi=a0086153dfc84e3a\"]}]}<\/script>\n<!-- \/ Yoast SEO plugin. -->","yoast_head_json":{"title":"Cookies Policy | or\u00edGenes","description":"Discover which cookies we use at or\u00edGenes, their purposes, and how you can easily manage them through your browser.","robots":{"index":"noindex","follow":"follow"},"og_locale":"en_US","og_type":"article","og_title":"Cookies Policy | or\u00edGenes","og_description":"Discover which cookies we use at or\u00edGenes, their purposes, and how you can easily manage them through your browser.","og_url":"https:\/\/origenes.es\/en\/cookie-policy\/","og_site_name":"Experiencias gastron\u00f3micas exclusivas | or\u00edGenes","article_publisher":"https:\/\/www.facebook.com\/origenesfestivalgastronomico\/","article_modified_time":"2025-06-21T19:39:28+00:00","og_image":[{"width":842,"height":293,"url":"https:\/\/origenes.es\/wp-content\/uploads\/2025\/05\/cropped-origenes.png","type":"image\/png"}],"twitter_card":"summary_large_image","twitter_misc":{"Est. reading time":"2 minutes"},"schema":{"@context":"https:\/\/schema.org","@graph":[{"@type":"WebPage","@id":"https:\/\/origenes.es\/en\/cookie-policy\/","url":"https:\/\/origenes.es\/en\/cookie-policy\/","name":"Cookies Policy | or\u00edGenes","isPartOf":{"@id":"https:\/\/origenes.es\/en\/#website"},"datePublished":"2025-05-26T19:40:29+00:00","dateModified":"2025-06-21T19:39:28+00:00","description":"Discover which cookies we use at or\u00edGenes, their purposes, and how you can easily manage them through your browser.","breadcrumb":{"@id":"https:\/\/origenes.es\/en\/cookie-policy\/#breadcrumb"},"inLanguage":"en-US","potentialAction":[{"@type":"ReadAction","target":["https:\/\/origenes.es\/en\/cookie-policy\/"]}]},{"@type":"BreadcrumbList","@id":"https:\/\/origenes.es\/en\/cookie-policy\/#breadcrumb","itemListElement":[{"@type":"ListItem","position":1,"name":"Portada","item":"https:\/\/origenes.es\/en\/"},{"@type":"ListItem","position":2,"name":"Cookie policy"}]},{"@type":"WebSite","@id":"https:\/\/origenes.es\/en\/#website","url":"https:\/\/origenes.es\/en\/","name":"Experiencias gastron\u00f3micas exclusivas | or\u00edGenes","description":"Creamos experiencias gastron\u00f3micas que conectan e inspiran, uniendo sostenibilidad, innovaci\u00f3n y talento para dejar huella en personas y en el planeta.","publisher":{"@id":"https:\/\/origenes.es\/en\/#organization"},"potentialAction":[{"@type":"SearchAction","target":{"@type":"EntryPoint","urlTemplate":"https:\/\/origenes.es\/en\/?s={search_term_string}"},"query-input":{"@type":"PropertyValueSpecification","valueRequired":true,"valueName":"search_term_string"}}],"inLanguage":"en-US"},{"@type":"Organization","@id":"https:\/\/origenes.es\/en\/#organization","name":"or\u00edGenes","url":"https:\/\/origenes.es\/en\/","logo":{"@type":"ImageObject","inLanguage":"en-US","@id":"https:\/\/origenes.es\/en\/#\/schema\/logo\/image\/","url":"https:\/\/origenes.es\/wp-content\/uploads\/2025\/05\/cropped-origenes.png","contentUrl":"https:\/\/origenes.es\/wp-content\/uploads\/2025\/05\/cropped-origenes.png","width":842,"height":293,"caption":"or\u00edGenes"},"image":{"@id":"https:\/\/origenes.es\/en\/#\/schema\/logo\/image\/"},"sameAs":["https:\/\/www.facebook.com\/origenesfestivalgastronomico\/","https:\/\/www.linkedin.com\/company\/origenes-events\/posts\/?feedView=all","https:\/\/www.instagram.com\/origenes.club\/","https:\/\/www.youtube.com\/channel\/UClI59A5E3WJzibFATm5zu3Q","https:\/\/open.spotify.com\/show\/0spPOPv0O4EpB61volE4Qm?si=95ff2229393043e6&nd=1&dlsi=a0086153dfc84e3a"]}]}},"_links":{"self":[{"href":"https:\/\/origenes.es\/en\/wp-json\/wp\/v2\/pages\/1412","targetHints":{"allow":["GET"]}}],"collection":[{"href":"https:\/\/origenes.es\/en\/wp-json\/wp\/v2\/pages"}],"about":[{"href":"https:\/\/origenes.es\/en\/wp-json\/wp\/v2\/types\/page"}],"author":[{"embeddable":true,"href":"https:\/\/origenes.es\/en\/wp-json\/wp\/v2\/users\/1"}],"replies":[{"embeddable":true,"href":"https:\/\/origenes.es\/en\/wp-json\/wp\/v2\/comments?post=1412"}],"version-history":[{"count":7,"href":"https:\/\/origenes.es\/en\/wp-json\/wp\/v2\/pages\/1412\/revisions"}],"predecessor-version":[{"id":1746,"href":"https:\/\/origenes.es\/en\/wp-json\/wp\/v2\/pages\/1412\/revisions\/1746"}],"wp:attachment":[{"href":"https:\/\/origenes.es\/en\/wp-json\/wp\/v2\/media?parent=1412"}],"curies":[{"name":"wp","href":"https:\/\/api.w.org\/{rel}","templated":true}]}}